{"id":9,"date":"2017-09-26T10:35:18","date_gmt":"2017-09-26T07:35:18","guid":{"rendered":"http:\/\/www.lamminahonahto.com\/www\/?page_id=9"},"modified":"2026-01-27T14:54:34","modified_gmt":"2026-01-27T12:54:34","slug":"etusivu","status":"publish","type":"page","link":"https:\/\/www.lamminahonahto.com\/www\/","title":{"rendered":"Etusivu"},"content":{"rendered":"[vc_row full_width=&#8221;stretch_row_content_no_spaces&#8221; content_placement=&#8221;top&#8221; css=&#8221;.vc_custom_1716791575983{margin-top: -43px !important;margin-bottom: -43px !important;padding-top: 0px !important;}&#8221;][vc_column offset=&#8221;vc_hidden-lg vc_hidden-md vc_hidden-sm&#8221;][vc_single_image image=&#8221;2824&#8243; img_size=&#8221;full&#8221; alignment=&#8221;center&#8221; onclick=&#8221;custom_link&#8221; link=&#8221;https:\/\/www.maakuntaviestipyhajarvi.fi\/&#8221;][\/vc_column][\/vc_row][vc_row full_width=&#8221;stretch_row_content_no_spaces&#8221; content_placement=&#8221;top&#8221; css=&#8221;.vc_custom_1716791373388{margin-top: 32px !important;}&#8221;][vc_column offset=&#8221;vc_hidden-xs&#8221;][vc_empty_space][vc_single_image image=&#8221;2824&#8243; img_size=&#8221;full&#8221; alignment=&#8221;center&#8221; onclick=&#8221;custom_link&#8221; link=&#8221;https:\/\/www.maakuntaviestipyhajarvi.fi\/&#8221;][\/vc_column][\/vc_row][vc_row css=&#8221;.vc_custom_1510911593582{padding-bottom: 20px !important;}&#8221;][vc_column width=&#8221;1\/3&#8243;][vc_btn title=&#8221;KAIKKI UUTISET&#8221; style=&#8221;3d&#8221; color=&#8221;primary&#8221; size=&#8221;lg&#8221; align=&#8221;center&#8221; i_icon_fontawesome=&#8221;&#8221; button_block=&#8221;true&#8221; add_icon=&#8221;true&#8221; link=&#8221;url:http%3A%2F%2Fwww.lamminahonahto.com%2Fwww%2Fcategory%2Fajankohtaista|||&#8221; css=&#8221;.vc_custom_1764624402965{margin-bottom: -30px !important;}&#8221;][\/vc_column][vc_column width=&#8221;1\/3&#8243;][vc_btn title=&#8221;VARAA HIISITUPA&#8221; style=&#8221;3d&#8221; color=&#8221;primary&#8221; size=&#8221;lg&#8221; align=&#8221;center&#8221; i_icon_fontawesome=&#8221;fa fa-home&#8221; button_block=&#8221;true&#8221; add_icon=&#8221;true&#8221; link=&#8221;url:http%3A%2F%2Fwww.lamminahonahto.com%2Fwww%2Fyhteystiedot|||&#8221; css=&#8221;.vc_custom_1602223055738{margin-bottom: -30px !important;}&#8221;][\/vc_column][vc_column width=&#8221;1\/3&#8243;][vc_btn title=&#8221;KILPAILUJEN TULOKSET&#8221; style=&#8221;3d&#8221; color=&#8221;primary&#8221; size=&#8221;lg&#8221; align=&#8221;center&#8221; i_icon_fontawesome=&#8221;fa fa-trophy&#8221; button_block=&#8221;true&#8221; add_icon=&#8221;true&#8221; link=&#8221;url:http%3A%2F%2Fwww.lamminahonahto.com%2Fwww%2Fcategory%2Ftulokset|||&#8221;][\/vc_column][\/vc_row][vc_row][vc_column width=&#8221;1\/3&#8243;][vc_custom_heading text=&#8221;Tervetuloa Lamminahon Ahto ry:n nettisivuille&#8221; use_theme_fonts=&#8221;yes&#8221;][vc_column_text]Tiedotamme ajankohtaista-palstalla viimeisimm\u00e4t uutiset.<\/p>\n<p>Kilpailujen tulokset -sivulle olemme pyrkineet kokoamaan tuloksia pidemm\u00e4lt\u00e4lt\u00e4kin ajalta. Toivottavasti tulet viihtym\u00e4\u00e4n sivuillamme!<\/p>\n<p><strong><em> Lamminahon Ahto ry <\/em><\/strong>[\/vc_column_text][\/vc_column][vc_column width=&#8221;2\/3&#8243;][vc_column_text]<div class=\"blog-posts-shortcode-outer-wrap tt_\"><ul class=\"tt-recent-posts\"><h3>Ajankohtaista<\/h3><li><a class=\"tt-recent-post-link\" title=\"Honkavuoren hiihdot on peruttu!\" href=\"https:\/\/www.lamminahonahto.com\/www\/honkavuoren-hiihdot-2\"><span class=\"tt-blog-placeholder tt-blog-default tt-blog-sc-img\">&nbsp;<\/span><h4>Honkavuoren hiihdot on peruttu!<\/h4><p>FIS 60. Honkavuoren hiihdot 5.4.2026 joudutaan perumaan! Lumitilanne on heikentynyt siin\u00e4 m\u00e4\u00e4rin ettei riitt\u00e4v\u00e4n pitki\u00e4 latureittej\u00e4 saada kilpailukuntoon. Maastossa on tykkilumilatua vain noin 1,1 km verran, stadionalue on lumeton....<\/p><\/a><\/li><li><a class=\"tt-recent-post-link\" title=\"Maakuntaviesti peruuntuu!\" href=\"https:\/\/www.lamminahonahto.com\/www\/maakuntaviesti-peruuntuu\"><span class=\"tt-blog-placeholder tt-blog-default tt-blog-sc-img\">&nbsp;<\/span><h4>Maakuntaviesti peruuntuu!<\/h4><p>T\u00e4n\u00e4 talvena jo kertaalleen siirretty Keski-Pohjanmaan maakuntaviesti peruuntuu kokonaan! Aikainen kev\u00e4\u00e4n tulo &#8211; viikkoja kest\u00e4nyt l\u00e4mmin s\u00e4\u00e4 ja vesisateet sulattivat suurimman osan Honkavuoren laduista. J\u00e4rjestelytoimikunnan tiedottee...<\/p><\/a><\/li><li><a class=\"tt-recent-post-link\" title=\"HIPPO-HIIHDOT 2026\" href=\"https:\/\/www.lamminahonahto.com\/www\/hippo-hiihdot-2026\"><span class=\"tt-blog-placeholder tt-blog-default tt-blog-sc-img\">&nbsp;<\/span><h4>HIPPO-HIIHDOT 2026<\/h4><p>HIPPO-HIIHDOT keskiviikkona 11.3.2026 klo 18:30 Honkavuorella\nSarjat: Tyt\u00f6t ja pojat alle 4 &#8211; 6 &#8211; 8 -10 &#8211; 12 &#8211; 14 &#8211; 16 vuotta.\nHiihtotapa perinteinen.\nIlm. ti 10.3. klo 18 menness\u00e4, s-postilla kauko.tikkanen@gmail.com...<\/p><\/a><\/li><\/ul><\/div><br class=\"clear\" \/>[\/vc_column_text][vc_column_text][\/vc_column_text][\/vc_column][\/vc_row]\n","protected":false},"excerpt":{"rendered":"<p>HIPPO-HIIHDOT keskiviikkona 11.3.2026 klo 18:30 Honkavuorella<br \/>\nSarjat: Tyt\u00f6t ja pojat alle 4 &#8211; 6 &#8211; 8 -10 &#8211; 12 &#8211; 14 &#8211; 16 vuotta.<br \/>\nHiihtotapa perinteinen.<br \/>\nIlm. ti 10.3. klo &#8230;<\/p>\n","protected":false},"author":1,"featured_media":0,"parent":0,"menu_order":0,"comment_status":"closed","ping_status":"closed","template":"template-full-width.php","meta":{"_price":"","_stock":"","_tribe_ticket_header":"","_tribe_default_ticket_provider":"","_tribe_ticket_capacity":"0","_ticket_start_date":"","_ticket_end_date":"","_tribe_ticket_show_description":"","_tribe_ticket_show_not_going":false,"_tribe_ticket_use_global_stock":"","_tribe_ticket_global_stock_level":"","_global_stock_mode":"","_global_stock_cap":"","_tribe_rsvp_for_event":"","_tribe_ticket_going_count":"","_tribe_ticket_not_going_count":"","_tribe_tickets_list":"[]","_tribe_ticket_has_attendee_info_fields":false,"footnotes":""},"aioseo_notices":[],"ticketed":false,"_links":{"self":[{"href":"https:\/\/www.lamminahonahto.com\/www\/wp-json\/wp\/v2\/pages\/9"}],"collection":[{"href":"https:\/\/www.lamminahonahto.com\/www\/wp-json\/wp\/v2\/pages"}],"about":[{"href":"https:\/\/www.lamminahonahto.com\/www\/wp-json\/wp\/v2\/types\/page"}],"author":[{"embeddable":true,"href":"https:\/\/www.lamminahonahto.com\/www\/wp-json\/wp\/v2\/users\/1"}],"replies":[{"embeddable":true,"href":"https:\/\/www.lamminahonahto.com\/www\/wp-json\/wp\/v2\/comments?post=9"}],"version-history":[{"count":177,"href":"https:\/\/www.lamminahonahto.com\/www\/wp-json\/wp\/v2\/pages\/9\/revisions"}],"predecessor-version":[{"id":2894,"href":"https:\/\/www.lamminahonahto.com\/www\/wp-json\/wp\/v2\/pages\/9\/revisions\/2894"}],"wp:attachment":[{"href":"https:\/\/www.lamminahonahto.com\/www\/wp-json\/wp\/v2\/media?parent=9"}],"curies":[{"name":"wp","href":"https:\/\/api.w.org\/{rel}","templated":true}]}}