{"id":80,"date":"2017-09-26T11:38:56","date_gmt":"2017-09-26T08:38:56","guid":{"rendered":"http:\/\/www.lamminahonahto.com\/www\/?page_id=80"},"modified":"2025-12-01T22:47:07","modified_gmt":"2025-12-01T20:47:07","slug":"hiisitupa","status":"publish","type":"page","link":"https:\/\/www.lamminahonahto.com\/www\/hiisitupa","title":{"rendered":"Hiisitupa"},"content":{"rendered":"[vc_row][vc_column][vc_single_image image=&#8221;258&#8243; img_size=&#8221;full&#8221; style=&#8221;vc_box_shadow_3d&#8221; onclick=&#8221;link_image&#8221;][\/vc_column][\/vc_row][vc_row][vc_column width=&#8221;1\/3&#8243;][vc_custom_heading text=&#8221;Hiisitupa&#8221; use_theme_fonts=&#8221;yes&#8221;][vc_column_text]Hiisituvalla on viihtyis\u00e4t ja avarat tilat erilaisiin juhliin ja tilaisuuksiin!<\/p>\n<h2>Vuokrahinnasto 1.5.2025<\/h2>\n<ul>\n<li>Alle 3 tuntia <strong>60 \u20ac<\/strong><\/li>\n<li>3 &#8211; 6 tuntia <strong>120 \u20ac<\/strong><\/li>\n<li>Vuorokausi <strong>250 \u20ac<\/strong><\/li>\n<li>Viikonloppu (pe klo 9 &#8211; su klo 15) <strong>600 \u20ac<\/strong><\/li>\n<li>Saunat &lt; 10 henkil\u00f6\u00e4 <strong>60 \u20ac<\/strong> \/ sauna,<br \/>\n&gt; 10 henkil\u00f6\u00e4 <strong>80 \u20ac<\/strong><\/li>\n<li>Talon siivous <strong>30 \u20ac<\/strong> \/ tunti<\/li>\n<li>Astiat ja p\u00f6yt\u00e4liinat sis\u00e4ltyv\u00e4t vuokraan<\/li>\n<li>P\u00f6yt\u00e4liinojen pesu veloitetaan erikseen<\/li>\n<li>Rikkoutuneista astioista tulee ilmoittaa vuokranantajalle<\/li>\n<li>Vuokraajan kanssa tehd\u00e4\u00e4n kirjallinen sopimus<\/li>\n<\/ul>\n[\/vc_column_text][vc_empty_space][\/vc_column][vc_column width=&#8221;1\/3&#8243;][vc_column_text]\n<h2>Talon palvelut<\/h2>\n<ul>\n<li>Kahvio<\/li>\n<li>Kokoustilat<\/li>\n<li>Saunat ja peseytymistilat<\/li>\n<\/ul>\n[\/vc_column_text][vc_column_text]\n<h2>Hiisituvalla voi j\u00e4rjest\u00e4\u00e4<\/h2>\n<ul>\n<li>Juhlia<\/li>\n<li>Kokouksia<\/li>\n<li>Harjoitusleirej\u00e4<\/li>\n<li>Leirikouluja<\/li>\n<li>Kilpailuja ja erilaisia tapahtumia<\/li>\n<li>Kerhoja<\/li>\n<\/ul>\n[\/vc_column_text][\/vc_column][vc_column width=&#8221;1\/3&#8243;][vc_column_text]\n<h2>Hiisitupa, tiedustelut ja varaukset<\/h2>\n<p>Pirkko Haataja, 044 250 6044<\/p>\n<h2>Sijainti<\/h2>\n<p>Kauko Tikkasen tie 28 (ent. Jyv\u00e4skyl\u00e4ntie 943 B), Pyh\u00e4j\u00e4rven Lamminaholla valtatie E75:n varrella Pihtiputaalta 37 km pohjoiseen, Vaskikellolta 9,5 km etel\u00e4\u00e4n.[\/vc_column_text][\/vc_column][\/vc_row][vc_row][vc_column][vc_media_grid element_width=&#8221;3&#8243; initial_loading_animation=&#8221;none&#8221; grid_id=&#8221;vc_gid:1513266650212-0f5677c7-0867-6&#8243; include=&#8221;455,457,459,458&#8243;][\/vc_column][\/vc_row][vc_row full_width=&#8221;stretch_row_content_no_spaces&#8221; content_placement=&#8221;middle&#8221; css=&#8221;.vc_custom_1511339347795{margin-bottom: -100px !important;}&#8221;][vc_column][vc_empty_space height=&#8221;22px&#8221;][vc_gmaps link=&#8221;#E-8_JTNDaWZyYW1lJTIwc3JjJTNEJTIyaHR0cHMlM0ElMkYlMkZ3d3cuZ29vZ2xlLmNvbSUyRm1hcHMlMkZlbWJlZCUzRnBiJTNEJTIxMW0xNCUyMTFtOCUyMTFtMyUyMTFkMTc3MS4yNjI3MDc3NTg0MDQlMjEyZDI1LjgyNTM4NyUyMTNkNjMuNjQ0MDk1MDAwMDAwMDElMjEzbTIlMjExaTEwMjQlMjEyaTc2OCUyMTRmMTMuMSUyMTNtMyUyMTFtMiUyMTFzMHg0NjgzZmJlZjM5NGMxZWM3JTI1M0EweDk1YTNmZTE2NzEwOWZmMGUlMjEyelNubDJ3NlJ6YTNsc3c2UnVkR2xsSURrME15d2dPRFk0TURBZ1VIbG93NlJxdzZSeWRtayUyMTVlMCUyMTNtMiUyMTFzZmklMjEyc2ZpJTIxNHYxNTA5NDM5NzYwNTUyJTIyJTIwd2lkdGglM0QlMjIxMDAlMjUlMjIlMjBoZWlnaHQlM0QlMjI0NTAlMjIlMjBmcmFtZWJvcmRlciUzRCUyMjAlMjIlMjBzdHlsZSUzRCUyMmJvcmRlciUzQTAlMjIlMjBhbGxvd2Z1bGxzY3JlZW4lM0UlM0MlMkZpZnJhbWUlM0U=&#8221;][\/vc_column][\/vc_row]\n","protected":false},"excerpt":{"rendered":"<p>[vc_row][vc_column][vc_single_image image=&#8221;258&#8243; img_size=&#8221;full&#8221; style=&#8221;vc_box_shadow_3d&#8221; onclick=&#8221;link_image&#8221;][\/vc_column][\/vc_row][vc_row][vc_column width=&#8221;1\/3&#8243;][vc_custom_heading text=&#8221;Hiisitupa&#8221; use_theme_fonts=&#8221;yes&#8221;][vc_column_text]Hiisituvalla on viihtyis\u00e4t ja avarat tilat erilaisiin juhliin ja tilaisuuksiin!<br \/>\nVuokrahinnasto 1.5.2025<\/p>\n<p>Alle 3 tuntia 60 \u20ac<br \/>\n3 &#8211; 6 tuntia 120 &#8230;<\/p>\n","protected":false},"author":1,"featured_media":0,"parent":0,"menu_order":0,"comment_status":"closed","ping_status":"closed","template":"","meta":{"_price":"","_stock":"","_tribe_ticket_header":"","_tribe_default_ticket_provider":"","_tribe_ticket_capacity":"0","_ticket_start_date":"","_ticket_end_date":"","_tribe_ticket_show_description":"","_tribe_ticket_show_not_going":false,"_tribe_ticket_use_global_stock":"","_tribe_ticket_global_stock_level":"","_global_stock_mode":"","_global_stock_cap":"","_tribe_rsvp_for_event":"","_tribe_ticket_going_count":"","_tribe_ticket_not_going_count":"","_tribe_tickets_list":"[]","_tribe_ticket_has_attendee_info_fields":false,"footnotes":""},"aioseo_notices":[],"ticketed":false,"_links":{"self":[{"href":"https:\/\/www.lamminahonahto.com\/www\/wp-json\/wp\/v2\/pages\/80"}],"collection":[{"href":"https:\/\/www.lamminahonahto.com\/www\/wp-json\/wp\/v2\/pages"}],"about":[{"href":"https:\/\/www.lamminahonahto.com\/www\/wp-json\/wp\/v2\/types\/page"}],"author":[{"embeddable":true,"href":"https:\/\/www.lamminahonahto.com\/www\/wp-json\/wp\/v2\/users\/1"}],"replies":[{"embeddable":true,"href":"https:\/\/www.lamminahonahto.com\/www\/wp-json\/wp\/v2\/comments?post=80"}],"version-history":[{"count":31,"href":"https:\/\/www.lamminahonahto.com\/www\/wp-json\/wp\/v2\/pages\/80\/revisions"}],"predecessor-version":[{"id":2828,"href":"https:\/\/www.lamminahonahto.com\/www\/wp-json\/wp\/v2\/pages\/80\/revisions\/2828"}],"wp:attachment":[{"href":"https:\/\/www.lamminahonahto.com\/www\/wp-json\/wp\/v2\/media?parent=80"}],"curies":[{"name":"wp","href":"https:\/\/api.w.org\/{rel}","templated":true}]}}