{"id":53,"date":"2017-09-26T11:19:55","date_gmt":"2017-09-26T08:19:55","guid":{"rendered":"http:\/\/www.lamminahonahto.com\/www\/?page_id=53"},"modified":"2017-09-26T11:19:55","modified_gmt":"2017-09-26T08:19:55","slug":"vaino-lahti","status":"publish","type":"page","link":"https:\/\/www.lamminahonahto.com\/www\/historia\/vaino-lahti","title":{"rendered":"V\u00e4in\u00f6 Lahti"},"content":{"rendered":"[vc_row][vc_column width=&#8221;1\/3&#8243;][vc_custom_heading text=&#8221;V\u00e4in\u00f6 Lahti&#8221; use_theme_fonts=&#8221;yes&#8221;][vc_column_text]<strong>V\u00e4in\u00f6 Lahti 1920-30 lukujen huippuhiiht\u00e4j\u00e4<\/strong>, mm. Oulun hiihtojen voittaja ja Tapani Nikun kova kilpakumppani.[\/vc_column_text][\/vc_column][vc_column width=&#8221;1\/3&#8243;][vc_single_image image=&#8221;54&#8243; img_size=&#8221;full&#8221; add_caption=&#8221;yes&#8221; onclick=&#8221;link_image&#8221;][\/vc_column][vc_column width=&#8221;1\/3&#8243;][vc_single_image image=&#8221;55&#8243; img_size=&#8221;full&#8221; add_caption=&#8221;yes&#8221; onclick=&#8221;link_image&#8221;][\/vc_column][\/vc_row]\n","protected":false},"excerpt":{"rendered":"<p>[vc_row][vc_column width=&#8221;1\/3&#8243;][vc_custom_heading text=&#8221;V\u00e4in\u00f6 Lahti&#8221; use_theme_fonts=&#8221;yes&#8221;][vc_column_text]V\u00e4in\u00f6 Lahti 1920-30 lukujen huippuhiiht\u00e4j\u00e4, mm. Oulun hiihtojen voittaja ja Tapani Nikun kova kilpakumppani.[\/vc_column_text][\/vc_column][vc_column width=&#8221;1\/3&#8243;][vc_single_image image=&#8221;54&#8243; img_size=&#8221;full&#8221; add_caption=&#8221;yes&#8221; onclick=&#8221;link_image&#8221;][\/vc_column][vc_column width=&#8221;1\/3&#8243;][vc_single_image image=&#8221;55&#8243; img_size=&#8221;full&#8221; add_caption=&#8221;yes&#8221; onclick=&#8221;link_image&#8221;][\/vc_column][\/vc_row]<\/p>\n","protected":false},"author":1,"featured_media":0,"parent":47,"menu_order":0,"comment_status":"closed","ping_status":"closed","template":"","meta":{"_price":"","_stock":"","_tribe_ticket_header":"","_tribe_default_ticket_provider":"","_tribe_ticket_capacity":"0","_ticket_start_date":"","_ticket_end_date":"","_tribe_ticket_show_description":"","_tribe_ticket_show_not_going":false,"_tribe_ticket_use_global_stock":"","_tribe_ticket_global_stock_level":"","_global_stock_mode":"","_global_stock_cap":"","_tribe_rsvp_for_event":"","_tribe_ticket_going_count":"","_tribe_ticket_not_going_count":"","_tribe_tickets_list":"[]","_tribe_ticket_has_attendee_info_fields":false,"footnotes":""},"aioseo_notices":[],"ticketed":false,"_links":{"self":[{"href":"https:\/\/www.lamminahonahto.com\/www\/wp-json\/wp\/v2\/pages\/53"}],"collection":[{"href":"https:\/\/www.lamminahonahto.com\/www\/wp-json\/wp\/v2\/pages"}],"about":[{"href":"https:\/\/www.lamminahonahto.com\/www\/wp-json\/wp\/v2\/types\/page"}],"author":[{"embeddable":true,"href":"https:\/\/www.lamminahonahto.com\/www\/wp-json\/wp\/v2\/users\/1"}],"replies":[{"embeddable":true,"href":"https:\/\/www.lamminahonahto.com\/www\/wp-json\/wp\/v2\/comments?post=53"}],"version-history":[{"count":1,"href":"https:\/\/www.lamminahonahto.com\/www\/wp-json\/wp\/v2\/pages\/53\/revisions"}],"predecessor-version":[{"id":56,"href":"https:\/\/www.lamminahonahto.com\/www\/wp-json\/wp\/v2\/pages\/53\/revisions\/56"}],"up":[{"embeddable":true,"href":"https:\/\/www.lamminahonahto.com\/www\/wp-json\/wp\/v2\/pages\/47"}],"wp:attachment":[{"href":"https:\/\/www.lamminahonahto.com\/www\/wp-json\/wp\/v2\/media?parent=53"}],"curies":[{"name":"wp","href":"https:\/\/api.w.org\/{rel}","templated":true}]}}