{"id":51,"date":"2017-09-26T11:17:41","date_gmt":"2017-09-26T08:17:41","guid":{"rendered":"http:\/\/www.lamminahonahto.com\/www\/?page_id=51"},"modified":"2017-09-26T11:17:41","modified_gmt":"2017-09-26T08:17:41","slug":"historian-merkkipaaluja","status":"publish","type":"page","link":"https:\/\/www.lamminahonahto.com\/www\/historia\/historian-merkkipaaluja","title":{"rendered":"Historian merkkipaaluja"},"content":{"rendered":"[vc_row][vc_column][vc_custom_heading text=&#8221;Historian merkkipaaluja&#8221; use_theme_fonts=&#8221;yes&#8221;][vc_column_text]<strong>1957<\/strong> Lamminahon maamiesseuran talolla hiihdettiin ensimm\u00e4iset Honkavuoren hiihdot<\/p>\n<p><strong>1959<\/strong> Lamminahon Ahton perustava kokous pidettiin 7.12.1959 Lamminahon koululla. Ahto liittyi Pyh\u00e4j\u00e4rven Pohdin alaosastoksi. Ensimm\u00e4isen\u00a0 johtokunnan muodostivat\u00a0 pj Ville Tikkanen, sihteeri ja rahastonhoitaja Arvi Lev\u00e4pelto sek\u00e4 j\u00e4senet Heino Heinonen, Armas Jokiper\u00e4, V\u00e4in\u00f6 ja Eero Tuoriniemi.Varaj\u00e4senet Jukka Kuonanoja ja Reino Lamminaho. Tilintarkastajina olivat Juho ja Taneli Kuonanoja. J\u00e4senien ja j\u00e4senmaksujen ker\u00e4\u00e4jin\u00e4 toimivat Osmo kauranen, Jorma Tuoriniemi, Jukka Kuonanoja, Pentti K\u00e4m\u00e4r\u00e4inen ja Taisto Tuoriniemi.<\/p>\n<p><strong>1961<\/strong> Uusi Urheilukentt\u00e4 valmistui<\/p>\n<p><strong>1962<\/strong> Pit\u00e4j\u00e4nmestaruushiihdot pidettiin ensimm\u00e4isen kerran Honkavuorella.<\/p>\n<p><strong>1963<\/strong> Kyl\u00e4n asukkaita urheilun pariin innostanut opettaja Arvi Lev\u00e4pelto muutti Lamminaholta Rannankyl\u00e4lle. Tilalle tulee toinen urheiluvaikuttaja, Mauno Ruotsalainen. Jalkapallotoiminta virisi.<\/p>\n<p><strong>1964<\/strong> J\u00e4rjestyksess\u00e4\u00e4nVII Honkavuoren hiihdot pidettiin viimeisen kerran Maamiesseuran talolla, samoin kolmannen kerran per\u00e4j\u00e4lkeen pidetyt pit\u00e4j\u00e4mestaruushiihdot.<\/p>\n<p><strong>1965<\/strong> Honkavuoren hiihdot kisailtiin Lamminahon koululla, pit\u00e4j\u00e4nmesteruuskilpailut siirtyiv\u00e4t Jokikyl\u00e4lle.<\/p>\n<p><strong>1966<\/strong> Honkavuoren hiihdot kisailtiin toistaiseksi viimeist\u00e4 kertaa. T\u00e4m\u00e4n j\u00e4lkeen hiihtoihin tuli vuosien tauko.<\/p>\n<p><strong>1969<\/strong> Lamminaho voittaa ensimm\u00e4isen jalkapallopuulaakimestaruuden. Lamminaho hallitsi viestisoutuja useina vuosina per\u00e4kk\u00e4in.<\/p>\n<p><strong>1974<\/strong> Pururata valmistuu Honkavuorelle, pituutta 2,4 km<\/p>\n<p><strong>1976<\/strong> Honkavuoren hiihdot her\u00e4teltiin uudelleen eloon.<\/p>\n<p><strong>1979<\/strong> Honkavuorelle rakennettiin 1,5 km pitk\u00e4 valaistu kunto\/-hiihtolatu. Avajaiset pidettiin 17.11.1979.<\/p>\n<p><strong>1983<\/strong> Lampa-ahon holokk\u00e4 juostiin ensimm\u00e4isen kerran.<\/p>\n<p><strong>1986<\/strong> Honkavuoren hiihdoissa (6.4) 108 osallistujaa. Honkavuoren valaistua kuntorataa\/-latua jatkettiin 3,5 km:iin. Ty\u00f6 valmistui 6.12..<\/p>\n<p><strong>1988<\/strong> Honkavuoren hiihdoissa (3.4) 164 osallistujaa. Hiihtomajan rakentaminen k\u00e4ynnistyi.<\/p>\n<p><strong>1989<\/strong> Tammikuussa hiihdettiin ensimm\u00e4iset nuorten PR-hiihdot. Ahtolan hiihtomaja valmistui. Seuralle tilattiin oma verryttelypuku. Honkavuoren hiihdoissa oli enn\u00e4tysosanotto: 260 hiiht\u00e4j\u00e4\u00e4. 2.4. Lamminaho voitti j\u00e4lleen pit\u00e4j\u00e4n jalkapallomestaruuden. Lampa-ahon h\u00f6l\u00f6kk\u00e4 juostiin viimeisen kerran.<\/p>\n<p><strong>1994<\/strong> Honkavuoren valaistua kuntorataa\/-latua jatkettiin viiden kilometrin mittaiseksi. Seuralle hankittiin oma latukone.<\/p>\n<p><strong>1995<\/strong> Ahto osallistui ensimm\u00e4isen kerran nuorten Helenan hiihtojen j\u00e4rjestelyihin yhdess\u00e4 Pohdin kanssa.<\/p>\n<p><strong>1996<\/strong> Honkavuoren stadionalue saadaan vuokrasopimuksella Ahton hallintaan.<\/p>\n<p><strong>1997<\/strong> Ahto rekister\u00f6itiin. Honkavuoren uuden huoltorakennuksen suunnittelu k\u00e4ynnistyi yhteisty\u00f6ss\u00e4 Pyh\u00e4j\u00e4rven kaupungin, Pyh\u00e4j\u00e4rven Pohdin ja Pyh\u00e4j\u00e4rven Sykkeen kanssa.<\/p>\n<p><strong>1998<\/strong> XXXIV Honkavuoren Hiihdot pidet\u00e4\u00e4n ensimm\u00e4isen kerran kansallisena kilpailuna. Rakennushanke k\u00e4ynnistyy rahoituksen j\u00e4rjestytty\u00e4.<\/p>\n<p><strong>1999<\/strong> Ahto t\u00e4ytt\u00e4\u00e4 40 vuotta. Honkavuoren Hiisitupa valmistui. Talonvihki\u00e4isjuhla 31.10.[\/vc_column_text][\/vc_column][\/vc_row]\n","protected":false},"excerpt":{"rendered":"<p>[vc_row][vc_column][vc_custom_heading text=&#8221;Historian merkkipaaluja&#8221; use_theme_fonts=&#8221;yes&#8221;][vc_column_text]1957 Lamminahon maamiesseuran talolla hiihdettiin ensimm\u00e4iset Honkavuoren hiihdot<br \/>\n1959 Lamminahon Ahton perustava kokous pidettiin 7.12.1959 Lamminahon koululla. Ahto liittyi Pyh\u00e4j\u00e4rven Pohdin alaosastoksi. Ensimm\u00e4isen\u00a0 johtokunnan muodostivat\u00a0 pj Ville &#8230;<\/p>\n","protected":false},"author":1,"featured_media":0,"parent":47,"menu_order":0,"comment_status":"closed","ping_status":"closed","template":"","meta":{"_price":"","_stock":"","_tribe_ticket_header":"","_tribe_default_ticket_provider":"","_tribe_ticket_capacity":"0","_ticket_start_date":"","_ticket_end_date":"","_tribe_ticket_show_description":"","_tribe_ticket_show_not_going":false,"_tribe_ticket_use_global_stock":"","_tribe_ticket_global_stock_level":"","_global_stock_mode":"","_global_stock_cap":"","_tribe_rsvp_for_event":"","_tribe_ticket_going_count":"","_tribe_ticket_not_going_count":"","_tribe_tickets_list":"[]","_tribe_ticket_has_attendee_info_fields":false,"footnotes":""},"aioseo_notices":[],"ticketed":false,"_links":{"self":[{"href":"https:\/\/www.lamminahonahto.com\/www\/wp-json\/wp\/v2\/pages\/51"}],"collection":[{"href":"https:\/\/www.lamminahonahto.com\/www\/wp-json\/wp\/v2\/pages"}],"about":[{"href":"https:\/\/www.lamminahonahto.com\/www\/wp-json\/wp\/v2\/types\/page"}],"author":[{"embeddable":true,"href":"https:\/\/www.lamminahonahto.com\/www\/wp-json\/wp\/v2\/users\/1"}],"replies":[{"embeddable":true,"href":"https:\/\/www.lamminahonahto.com\/www\/wp-json\/wp\/v2\/comments?post=51"}],"version-history":[{"count":1,"href":"https:\/\/www.lamminahonahto.com\/www\/wp-json\/wp\/v2\/pages\/51\/revisions"}],"predecessor-version":[{"id":52,"href":"https:\/\/www.lamminahonahto.com\/www\/wp-json\/wp\/v2\/pages\/51\/revisions\/52"}],"up":[{"embeddable":true,"href":"https:\/\/www.lamminahonahto.com\/www\/wp-json\/wp\/v2\/pages\/47"}],"wp:attachment":[{"href":"https:\/\/www.lamminahonahto.com\/www\/wp-json\/wp\/v2\/media?parent=51"}],"curies":[{"name":"wp","href":"https:\/\/api.w.org\/{rel}","templated":true}]}}