{"id":49,"date":"2017-09-26T11:16:19","date_gmt":"2017-09-26T08:16:19","guid":{"rendered":"http:\/\/www.lamminahonahto.com\/www\/?page_id=49"},"modified":"2025-01-01T23:05:38","modified_gmt":"2025-01-01T21:05:38","slug":"arvin-ja-heinon-malja","status":"publish","type":"page","link":"https:\/\/www.lamminahonahto.com\/www\/historia\/arvin-ja-heinon-malja","title":{"rendered":"Arvin ja Heinon MALJA"},"content":{"rendered":"[vc_row][vc_column][vc_custom_heading text=&#8221;Arvin ja Heinon malja&#8221; use_theme_fonts=&#8221;yes&#8221;][vc_column_text]ARVIN ja HEINON MALJA on seuran perustajien Arvi Lev\u00e4pellon ja Heino Heinosen lahjoittama kiertopalkinto. Malja luovutetaan vuosittain henkil\u00f6lle \/ tai henkil\u00f6ille, yhteis\u00f6lle tai muulle taholle, joka \/ tai jotka ovat toiminnallaan tukeneet tai edesauttaneet Lamminahon Ahton, Honkavuoren tai Lamminahon kyl\u00e4n toimintaa.<\/p>\n<h2>Palkitut<\/h2>\n<p>1999 Hiisituvan talkooporukka (kaikkiaan 205 henkil\u00f6\u00e4)<br \/>\n2000 Lamminahon kyl\u00e4kirjan tekij\u00e4t (7 henkil\u00f6\u00e4)<br \/>\n2001 Pyh\u00e4j\u00e4rven kaupunki<br \/>\n2002 Pohjois-Pohjanmaan TE-keskus ja Pyh\u00e4j\u00e4rven ty\u00f6voimatoimisto<br \/>\n2003 Kauko Tikkanen<br \/>\n2004 Honkavuoren tuulimyllyn, luontotornin ja keloportin rakentajat<br \/>\n2005 Juho Kuonanojan perikunta<br \/>\n2006 Pauli Pesonen<br \/>\n2007 SM-hiihtojen latuty\u00f6ryhm\u00e4<br \/>\n2008 Mets\u00e4hallitus<br \/>\n2009 Pyh\u00e4j\u00e4rven Pohti<br \/>\n2010 Lumivalkea Honkavuori hankkeen ydinporukka<br \/>\n2011 Irja ja Mauri Lehtinen<br \/>\n2012 Pyh\u00e4salmi Mine Oy<br \/>\n2013 Nuorten SM- ja KLL-mestaruushiihtojen organisaatio<br \/>\n2014 Lamminahon Ahton ravintolatoimikunta<br \/>\n2015 Suomensel\u00e4n Osuuspankki<br \/>\n2016 Vaakaporauspalvelu VPP Oy<br \/>\n2017 Pekka Niskanen<br \/>\n2018 Perhe Nybacka<br \/>\n2019 Tenhusen Maansiirto ja Kuljetus Oy<br \/>\n2020 &#8217;COVID 19&#8217;<br \/>\n2021 Keskipiste Leader ry<br \/>\n2022 Pyh\u00e4j\u00e4rven Puunikkari<br \/>\n2023 SPR:n Pyh\u00e4j\u00e4rven osasto \/ Ensiapuryhm\u00e4<br \/>\n2024 Helaalan Tulos \/ Pekka Nikula[\/vc_column_text][\/vc_column][\/vc_row]\n","protected":false},"excerpt":{"rendered":"<p>[vc_row][vc_column][vc_custom_heading text=&#8221;Arvin ja Heinon malja&#8221; use_theme_fonts=&#8221;yes&#8221;][vc_column_text]ARVIN ja HEINON MALJA on seuran perustajien Arvi Lev\u00e4pellon ja Heino Heinosen lahjoittama kiertopalkinto. Malja luovutetaan vuosittain henkil\u00f6lle \/ tai henkil\u00f6ille, yhteis\u00f6lle tai muulle taholle, &#8230;<\/p>\n","protected":false},"author":1,"featured_media":0,"parent":47,"menu_order":0,"comment_status":"closed","ping_status":"closed","template":"","meta":{"_price":"","_stock":"","_tribe_ticket_header":"","_tribe_default_ticket_provider":"","_tribe_ticket_capacity":"0","_ticket_start_date":"","_ticket_end_date":"","_tribe_ticket_show_description":"","_tribe_ticket_show_not_going":false,"_tribe_ticket_use_global_stock":"","_tribe_ticket_global_stock_level":"","_global_stock_mode":"","_global_stock_cap":"","_tribe_rsvp_for_event":"","_tribe_ticket_going_count":"","_tribe_ticket_not_going_count":"","_tribe_tickets_list":"[]","_tribe_ticket_has_attendee_info_fields":false,"footnotes":""},"aioseo_notices":[],"ticketed":false,"_links":{"self":[{"href":"https:\/\/www.lamminahonahto.com\/www\/wp-json\/wp\/v2\/pages\/49"}],"collection":[{"href":"https:\/\/www.lamminahonahto.com\/www\/wp-json\/wp\/v2\/pages"}],"about":[{"href":"https:\/\/www.lamminahonahto.com\/www\/wp-json\/wp\/v2\/types\/page"}],"author":[{"embeddable":true,"href":"https:\/\/www.lamminahonahto.com\/www\/wp-json\/wp\/v2\/users\/1"}],"replies":[{"embeddable":true,"href":"https:\/\/www.lamminahonahto.com\/www\/wp-json\/wp\/v2\/comments?post=49"}],"version-history":[{"count":13,"href":"https:\/\/www.lamminahonahto.com\/www\/wp-json\/wp\/v2\/pages\/49\/revisions"}],"predecessor-version":[{"id":2691,"href":"https:\/\/www.lamminahonahto.com\/www\/wp-json\/wp\/v2\/pages\/49\/revisions\/2691"}],"up":[{"embeddable":true,"href":"https:\/\/www.lamminahonahto.com\/www\/wp-json\/wp\/v2\/pages\/47"}],"wp:attachment":[{"href":"https:\/\/www.lamminahonahto.com\/www\/wp-json\/wp\/v2\/media?parent=49"}],"curies":[{"name":"wp","href":"https:\/\/api.w.org\/{rel}","templated":true}]}}