{"id":31,"date":"2017-09-26T11:03:37","date_gmt":"2017-09-26T08:03:37","guid":{"rendered":"http:\/\/www.lamminahonahto.com\/www\/?page_id=31"},"modified":"2017-09-26T11:03:37","modified_gmt":"2017-09-26T08:03:37","slug":"hallinnointi","status":"publish","type":"page","link":"https:\/\/www.lamminahonahto.com\/www\/honkavuori\/honkavuori-kehittamishanke\/hallinnointi","title":{"rendered":"Hallinnointi"},"content":{"rendered":"[vc_row][vc_column][vc_custom_heading text=&#8221;Honkavuoren kehitt\u00e4mishankkeen hallinnointi&#8221; use_theme_fonts=&#8221;yes&#8221;][vc_column_text]Kehitt\u00e4mishanketta hallinnoi Lamminahon Ahto ry, projektip\u00e4\u00e4llikk\u00f6n\u00e4 toimii Kauko Tikkanen. Ohjausryhm\u00e4\u00e4n kuuluvat, puheenjohtajana Taisto M\u00e4ntynen (Lamminahon Ahto), Martti Savolainen (Pyh\u00e4j\u00e4rven kaupunki), Tuomo Lipsonen (Pyh\u00e4j\u00e4rven Pohti), Hannu Karstunen (Suomen Hiihtoliitto) sek\u00e4 Jukka Nilivaara (Pyh\u00e4j\u00e4rven ty\u00f6voimatoimisto).[\/vc_column_text][\/vc_column][\/vc_row]\n","protected":false},"excerpt":{"rendered":"<p>[vc_row][vc_column][vc_custom_heading text=&#8221;Honkavuoren kehitt\u00e4mishankkeen hallinnointi&#8221; use_theme_fonts=&#8221;yes&#8221;][vc_column_text]Kehitt\u00e4mishanketta hallinnoi Lamminahon Ahto ry, projektip\u00e4\u00e4llikk\u00f6n\u00e4 toimii Kauko Tikkanen. Ohjausryhm\u00e4\u00e4n kuuluvat, puheenjohtajana Taisto M\u00e4ntynen (Lamminahon Ahto), Martti Savolainen (Pyh\u00e4j\u00e4rven kaupunki), Tuomo Lipsonen (Pyh\u00e4j\u00e4rven Pohti), Hannu Karstunen &#8230;<\/p>\n","protected":false},"author":1,"featured_media":0,"parent":27,"menu_order":0,"comment_status":"closed","ping_status":"closed","template":"","meta":{"_price":"","_stock":"","_tribe_ticket_header":"","_tribe_default_ticket_provider":"","_tribe_ticket_capacity":"0","_ticket_start_date":"","_ticket_end_date":"","_tribe_ticket_show_description":"","_tribe_ticket_show_not_going":false,"_tribe_ticket_use_global_stock":"","_tribe_ticket_global_stock_level":"","_global_stock_mode":"","_global_stock_cap":"","_tribe_rsvp_for_event":"","_tribe_ticket_going_count":"","_tribe_ticket_not_going_count":"","_tribe_tickets_list":"[]","_tribe_ticket_has_attendee_info_fields":false,"footnotes":""},"aioseo_notices":[],"ticketed":false,"_links":{"self":[{"href":"https:\/\/www.lamminahonahto.com\/www\/wp-json\/wp\/v2\/pages\/31"}],"collection":[{"href":"https:\/\/www.lamminahonahto.com\/www\/wp-json\/wp\/v2\/pages"}],"about":[{"href":"https:\/\/www.lamminahonahto.com\/www\/wp-json\/wp\/v2\/types\/page"}],"author":[{"embeddable":true,"href":"https:\/\/www.lamminahonahto.com\/www\/wp-json\/wp\/v2\/users\/1"}],"replies":[{"embeddable":true,"href":"https:\/\/www.lamminahonahto.com\/www\/wp-json\/wp\/v2\/comments?post=31"}],"version-history":[{"count":1,"href":"https:\/\/www.lamminahonahto.com\/www\/wp-json\/wp\/v2\/pages\/31\/revisions"}],"predecessor-version":[{"id":32,"href":"https:\/\/www.lamminahonahto.com\/www\/wp-json\/wp\/v2\/pages\/31\/revisions\/32"}],"up":[{"embeddable":true,"href":"https:\/\/www.lamminahonahto.com\/www\/wp-json\/wp\/v2\/pages\/27"}],"wp:attachment":[{"href":"https:\/\/www.lamminahonahto.com\/www\/wp-json\/wp\/v2\/media?parent=31"}],"curies":[{"name":"wp","href":"https:\/\/api.w.org\/{rel}","templated":true}]}}