{"id":29,"date":"2017-09-26T11:02:46","date_gmt":"2017-09-26T08:02:46","guid":{"rendered":"http:\/\/www.lamminahonahto.com\/www\/?page_id=29"},"modified":"2017-09-26T11:02:46","modified_gmt":"2017-09-26T08:02:46","slug":"tavoitteet","status":"publish","type":"page","link":"https:\/\/www.lamminahonahto.com\/www\/honkavuori\/honkavuori-kehittamishanke\/tavoitteet","title":{"rendered":"Tavoitteet"},"content":{"rendered":"[vc_row][vc_column][vc_custom_heading text=&#8221;Honkavuoren kehitt\u00e4mishankkeen tavoitteet&#8221; use_theme_fonts=&#8221;yes&#8221;][vc_column_text]\n<ul>\n<li>Pitk\u00e4aikaisty\u00f6tt\u00f6mien ty\u00f6llist\u00e4minen<\/li>\n<li>Lamminahon kyl\u00e4n kehitt\u00e4minen<\/li>\n<li>Honkavuoren liikunta- ja luontomatkailupalvelujen rakentaminen<\/li>\n<li>Hiisituvan palvelujen ja toimintojen yll\u00e4pit\u00e4minen<\/li>\n<li>Koko paikkakunnan liikuntaa palvelevien alueiden kehitt\u00e4minen ja kunnossapito<\/li>\n<li>Liikunta- ja harrastusmahdollisuuksien parantaminen<\/li>\n<li>Nyt jo olemassa olevien tapahtumien tukeminen<br \/>\nMatkailun edist\u00e4minen<\/li>\n<li>Osallistuminen nuorten SM-hiihtojen valmisteluihin<\/li>\n<li>Kyl\u00e4ll\u00e4 asuvien vanhusten auttaminen(kyl\u00e4avustaja)<\/li>\n<\/ul>\n[\/vc_column_text][\/vc_column][\/vc_row]\n","protected":false},"excerpt":{"rendered":"<p>[vc_row][vc_column][vc_custom_heading text=&#8221;Honkavuoren kehitt\u00e4mishankkeen tavoitteet&#8221; use_theme_fonts=&#8221;yes&#8221;][vc_column_text]<\/p>\n<p>Pitk\u00e4aikaisty\u00f6tt\u00f6mien ty\u00f6llist\u00e4minen<br \/>\nLamminahon kyl\u00e4n kehitt\u00e4minen<br \/>\nHonkavuoren liikunta- ja luontomatkailupalvelujen rakentaminen<br \/>\nHiisituvan palvelujen ja toimintojen yll\u00e4pit\u00e4minen<br \/>\nKoko paikkakunnan liikuntaa palvelevien alueiden kehitt\u00e4minen ja kunnossapito<br \/>\nLiikunta- &#8230;<\/p>\n","protected":false},"author":1,"featured_media":0,"parent":27,"menu_order":0,"comment_status":"closed","ping_status":"closed","template":"","meta":{"_price":"","_stock":"","_tribe_ticket_header":"","_tribe_default_ticket_provider":"","_tribe_ticket_capacity":"0","_ticket_start_date":"","_ticket_end_date":"","_tribe_ticket_show_description":"","_tribe_ticket_show_not_going":false,"_tribe_ticket_use_global_stock":"","_tribe_ticket_global_stock_level":"","_global_stock_mode":"","_global_stock_cap":"","_tribe_rsvp_for_event":"","_tribe_ticket_going_count":"","_tribe_ticket_not_going_count":"","_tribe_tickets_list":"[]","_tribe_ticket_has_attendee_info_fields":false,"footnotes":""},"aioseo_notices":[],"ticketed":false,"_links":{"self":[{"href":"https:\/\/www.lamminahonahto.com\/www\/wp-json\/wp\/v2\/pages\/29"}],"collection":[{"href":"https:\/\/www.lamminahonahto.com\/www\/wp-json\/wp\/v2\/pages"}],"about":[{"href":"https:\/\/www.lamminahonahto.com\/www\/wp-json\/wp\/v2\/types\/page"}],"author":[{"embeddable":true,"href":"https:\/\/www.lamminahonahto.com\/www\/wp-json\/wp\/v2\/users\/1"}],"replies":[{"embeddable":true,"href":"https:\/\/www.lamminahonahto.com\/www\/wp-json\/wp\/v2\/comments?post=29"}],"version-history":[{"count":1,"href":"https:\/\/www.lamminahonahto.com\/www\/wp-json\/wp\/v2\/pages\/29\/revisions"}],"predecessor-version":[{"id":30,"href":"https:\/\/www.lamminahonahto.com\/www\/wp-json\/wp\/v2\/pages\/29\/revisions\/30"}],"up":[{"embeddable":true,"href":"https:\/\/www.lamminahonahto.com\/www\/wp-json\/wp\/v2\/pages\/27"}],"wp:attachment":[{"href":"https:\/\/www.lamminahonahto.com\/www\/wp-json\/wp\/v2\/media?parent=29"}],"curies":[{"name":"wp","href":"https:\/\/api.w.org\/{rel}","templated":true}]}}