{"id":27,"date":"2017-09-26T11:01:21","date_gmt":"2017-09-26T08:01:21","guid":{"rendered":"http:\/\/www.lamminahonahto.com\/www\/?page_id=27"},"modified":"2017-09-26T11:27:42","modified_gmt":"2017-09-26T08:27:42","slug":"honkavuori-kehittamishanke","status":"publish","type":"page","link":"https:\/\/www.lamminahonahto.com\/www\/honkavuori\/honkavuori-kehittamishanke","title":{"rendered":"Honkavuoren kehitt\u00e4mishanke"},"content":{"rendered":"[vc_row][vc_column][vc_custom_heading text=&#8221;Honkavuoren kehitt\u00e4mishanke&#8221; use_theme_fonts=&#8221;yes&#8221;][vc_column_text]<strong><em>Lehdist\u00f6tiedote 11.12.2001<\/em><\/strong><\/p>\n<h3>Honkavuoren kehitt\u00e4mishanke k\u00e4ynnistynyt Pyh\u00e4j\u00e4rvell\u00e4<\/h3>\n<p>Pohjois-Pohjanmaan TE -keskuksen ty\u00f6voimaosasto on my\u00f6nt\u00e4nyt pyh\u00e4j\u00e4rviselle urheiluseura Lamminahon Ahto ry:lle ty\u00f6llisyyspoliittista projektitukea kaksivuotista hanketta varten. Hankkeen avulla kehitet\u00e4\u00e4n Honkavuoren ulkoliikunta-aluetta ja parannetaan Lamminahon kyl\u00e4n yleisilmett\u00e4 sek\u00e4 tuotetaan matkailualan palveluja koko seutukuntaa koskettavaksi.<\/p>\n<h3>Honkavuoren kehitt\u00e4mishankkeen yhteisty\u00f6tahot<\/h3>\n<ul>\n<li>Pohjois-Pohjanmaan TE -keskus<\/li>\n<li>Pyh\u00e4j\u00e4rven ty\u00f6voimatoimisto<\/li>\n<li>Kansanel\u00e4kelaitos<\/li>\n<li>Pyh\u00e4j\u00e4rven kaupunki<\/li>\n<li>Seutukunnallinen OSTC -matkailuprojekti<\/li>\n<li>Pohjois-Pohjanmaa Ymp\u00e4rist\u00f6keskus\/Kalajokilaakson osasto<\/li>\n<li>Mets\u00e4hallitus<\/li>\n<li>Tielaitos<\/li>\n<li>Suomen Hiihtoliitto<\/li>\n<li>Pyh\u00e4j\u00e4rven Pohti<\/li>\n<\/ul>\n[\/vc_column_text][\/vc_column][\/vc_row]\n","protected":false},"excerpt":{"rendered":"<p>[vc_row][vc_column][vc_custom_heading text=&#8221;Honkavuoren kehitt\u00e4mishanke&#8221; use_theme_fonts=&#8221;yes&#8221;][vc_column_text]Lehdist\u00f6tiedote 11.12.2001<br \/>\nHonkavuoren kehitt\u00e4mishanke k\u00e4ynnistynyt Pyh\u00e4j\u00e4rvell\u00e4<br \/>\nPohjois-Pohjanmaan TE -keskuksen ty\u00f6voimaosasto on my\u00f6nt\u00e4nyt pyh\u00e4j\u00e4rviselle urheiluseura Lamminahon Ahto ry:lle ty\u00f6llisyyspoliittista projektitukea kaksivuotista hanketta varten. Hankkeen avulla kehitet\u00e4\u00e4n Honkavuoren ulkoliikunta-aluetta &#8230;<\/p>\n","protected":false},"author":1,"featured_media":0,"parent":68,"menu_order":0,"comment_status":"closed","ping_status":"closed","template":"","meta":{"_price":"","_stock":"","_tribe_ticket_header":"","_tribe_default_ticket_provider":"","_tribe_ticket_capacity":"0","_ticket_start_date":"","_ticket_end_date":"","_tribe_ticket_show_description":"","_tribe_ticket_show_not_going":false,"_tribe_ticket_use_global_stock":"","_tribe_ticket_global_stock_level":"","_global_stock_mode":"","_global_stock_cap":"","_tribe_rsvp_for_event":"","_tribe_ticket_going_count":"","_tribe_ticket_not_going_count":"","_tribe_tickets_list":"[]","_tribe_ticket_has_attendee_info_fields":false,"footnotes":""},"aioseo_notices":[],"ticketed":false,"_links":{"self":[{"href":"https:\/\/www.lamminahonahto.com\/www\/wp-json\/wp\/v2\/pages\/27"}],"collection":[{"href":"https:\/\/www.lamminahonahto.com\/www\/wp-json\/wp\/v2\/pages"}],"about":[{"href":"https:\/\/www.lamminahonahto.com\/www\/wp-json\/wp\/v2\/types\/page"}],"author":[{"embeddable":true,"href":"https:\/\/www.lamminahonahto.com\/www\/wp-json\/wp\/v2\/users\/1"}],"replies":[{"embeddable":true,"href":"https:\/\/www.lamminahonahto.com\/www\/wp-json\/wp\/v2\/comments?post=27"}],"version-history":[{"count":4,"href":"https:\/\/www.lamminahonahto.com\/www\/wp-json\/wp\/v2\/pages\/27\/revisions"}],"predecessor-version":[{"id":67,"href":"https:\/\/www.lamminahonahto.com\/www\/wp-json\/wp\/v2\/pages\/27\/revisions\/67"}],"up":[{"embeddable":true,"href":"https:\/\/www.lamminahonahto.com\/www\/wp-json\/wp\/v2\/pages\/68"}],"wp:attachment":[{"href":"https:\/\/www.lamminahonahto.com\/www\/wp-json\/wp\/v2\/media?parent=27"}],"curies":[{"name":"wp","href":"https:\/\/api.w.org\/{rel}","templated":true}]}}